{"id":57,"date":"2024-03-04T11:59:02","date_gmt":"2024-03-04T10:59:02","guid":{"rendered":"https:\/\/narradivak.hu\/?page_id=57"},"modified":"2025-01-23T00:16:17","modified_gmt":"2025-01-22T23:16:17","slug":"rolunk","status":"publish","type":"page","link":"https:\/\/narradivak.hu\/?page_id=57","title":{"rendered":"R\u00f3lunk"},"content":{"rendered":"<p>[et_pb_section fb_built=&#8221;1&#8243; _builder_version=&#8221;4.24.2&#8243; _module_preset=&#8221;default&#8221; background_color=&#8221;#F0F4F9&#8243; height=&#8221;100px&#8221; custom_padding=&#8221;0px||0px||false|false&#8221; global_colors_info=&#8221;{}&#8221;][et_pb_row make_equal=&#8221;on&#8221; _builder_version=&#8221;4.24.2&#8243; _module_preset=&#8221;default&#8221; max_width=&#8221;80%&#8221; height=&#8221;100px&#8221; custom_padding=&#8221;0px||0px||false|false&#8221; custom_css_main_element=&#8221;align-items:center; &#8221; global_colors_info=&#8221;{}&#8221;][et_pb_column type=&#8221;4_4&#8243; _builder_version=&#8221;4.24.2&#8243; _module_preset=&#8221;default&#8221; global_colors_info=&#8221;{}&#8221;][et_pb_post_title meta=&#8221;off&#8221; featured_image=&#8221;off&#8221; _builder_version=&#8221;4.24.2&#8243; _module_preset=&#8221;default&#8221; title_font_size=&#8221;32px&#8221; global_colors_info=&#8221;{}&#8221;][\/et_pb_post_title][\/et_pb_column][\/et_pb_row][\/et_pb_section][et_pb_section fb_built=&#8221;1&#8243; _builder_version=&#8221;4.24.2&#8243; _module_preset=&#8221;default&#8221; global_colors_info=&#8221;{}&#8221;][et_pb_row column_structure=&#8221;1_2,1_2&#8243; _builder_version=&#8221;4.24.2&#8243; _module_preset=&#8221;default&#8221; max_width=&#8221;80%&#8221; global_colors_info=&#8221;{}&#8221;][et_pb_column type=&#8221;1_2&#8243; _builder_version=&#8221;4.24.2&#8243; _module_preset=&#8221;default&#8221; global_colors_info=&#8221;{}&#8221;][et_pb_team_member name=&#8221;Gazdik Kati&#8221; position=&#8221;Audionarr\u00e1tor&#8221; image_url=&#8221;https:\/\/narradivak.hu\/wp-content\/uploads\/2024\/03\/narradivak-gazdik-kati.jpg&#8221; _builder_version=&#8221;4.24.2&#8243; _module_preset=&#8221;default&#8221; global_colors_info=&#8221;{}&#8221;]<\/p>\n<div class=\"row mt-5\">\n<div class=\"col-lg-9\">\n<p>&nbsp;<\/p>\n<p>2020 -ban v\u00e9geztem audionarr\u00e1tork\u00e9nt az Nfszk k\u00e9pz\u00e9s\u00e9n, &#8222;kiv\u00e1l\u00f3an megfelelt &#8221; min\u0151s\u00edt\u00e9ssel.<\/p>\n<p>A hollandai \u00e9let, a Borsodban elt\u00f6lt\u00f6tt gyermekkor sok mindenre megtan\u00edtott. Nem hiszek a v\u00e9letlenekben. Hiszem, hogy kitart\u00f3 munk\u00e1val, szorgalommal \u00e9s al\u00e1zattal el\u00e9rj\u00fck a c\u00e9lunkat. Hiszem, hogy nincs lehetetlen. Hiszem, hogy csak egy\u00fcttes \u00f6sszefog\u00e1ssal tehet\u00fcnk egym\u00e1s\u00e9rt. Mindenkinek j\u00e1r es\u00e9ly, lehet\u0151s\u00e9g \u00e9s a legfontosabb, hogy sose \u00edt\u00e9lj\u00fcnk els\u0151re!<\/p>\n<p>&nbsp;<\/p>\n<\/div>\n<\/div>\n<div class=\"image_description p-3\">\n<p>A fot\u00f3n Gazdik Kati der\u00e9kig l\u00e1that\u00f3, keresztbe font karokkal, fels\u0151test\u00e9vel enyh\u00e9n jobbra fordulva. Arca finoman sminkelt, szem\u00e9t fekete k\u00f6rsat\u00edr hangs\u00falyozza ki. Szeme \u00e9s haja is s\u00f6t\u00e9tbarna, ami l\u00f3farokba van \u00f6sszefogva. Visszafogott, \u0151szinte mosoly\u00e1t, nemcsak ajka, hanem szeme is t\u00fckr\u00f6zi. Ajk\u00e1t r\u00f3zsasz\u00edn\u0171 sz\u00e1jf\u00e9nnyel festette ki. A portr\u00e9fot\u00f3n Kati eleg\u00e1ns, vil\u00e1gosk\u00e9k inget visel, aminek fels\u0151 gombja kigombolt. \u00cdgy decens, rendezett megjelen\u00e9s\u00e9ben van n\u00e9mi vag\u00e1nys\u00e1g is. Bal f\u00fcl\u00e9ben fekete, EKG g\u00f6rbe form\u00e1j\u00fa, kism\u00e9ret\u0171 f\u00fclbeval\u00f3 van. A h\u00e1tt\u00e9r s\u00f6t\u00e9tsz\u00fcrke.<\/p>\n<p>A fot\u00f3t<span>\u00a0<\/span><a href=\"https:\/\/www.folditamas.hu\/\" target=\"_blank\" rel=\"noopener\">F\u00f6ldi Tam\u00e1s<\/a><span>\u00a0<\/span>k\u00e9sz\u00edtette.<\/p>\n<\/div>\n<p>[\/et_pb_team_member][et_pb_text _builder_version=&#8221;4.24.2&#8243; _module_preset=&#8221;default&#8221; background_color=&#8221;#F0F4F9&#8243; custom_padding=&#8221;20px|20px|20px|20px|false|false&#8221; global_colors_info=&#8221;{}&#8221;]<\/p>\n<h2>Referenci\u00e1k<\/h2>\n<p>[\/et_pb_text][et_pb_text _builder_version=&#8221;4.24.2&#8243; _module_preset=&#8221;default&#8221; global_colors_info=&#8221;{}&#8221;]<\/p>\n<p>&nbsp;<\/p>\n<p>Audionarr\u00e1ci\u00f3 &#8211; Rendez\u00e9s<\/p>\n<ul>\n<li>Vit\u00e9zy L\u00e1szl\u00f3: A sz\u00edn\u00e9szn\u0151 ( 2021 )<\/li>\n<li>F\u00e1bri Zolt\u00e1n: Isten hozta \u0151rnagy \u00far! ( 2021 )<\/li>\n<li>Berem\u00e9nyi G\u00e9za: A H\u00eddember ( 2021 )<\/li>\n<li>Rofusz Ferenc: A l\u00e9gy ( 2021 )<\/li>\n<li>Stefka Istv\u00e1n: A hal\u00e1l n\u00e9pbiztosa ( 2021 )<\/li>\n<li>Tak\u00e1cs Rita: Amir\u0151l a f\u00e1k suttognak ( 2021 )<\/li>\n<li>M\u00e9sz\u00e1ros M\u00e1rta: Aurora borealis \u2013 \u00c9szaki f\u00e9ny ( 2021 )<\/li>\n<li>Bujtor Istv\u00e1n, M\u00e9sz\u00e1ros Gyula: A Pog\u00e1ny Madonna ( 2021 )<\/li>\n<li>Bujtor Istv\u00e1n, Sz\u0151nyi G. S\u00e1ndor: Csak semmi p\u00e1nik\u2026\u00a0 ( 2021 )<\/li>\n<li>Bujtor Istv\u00e1n: Zsaruv\u00e9r \u00e9s csigav\u00e9r 1. r\u00e9sz ( 2021 )<\/li>\n<li>Bujtor Istv\u00e1n: Zsaruv\u00e9r \u00e9s csigav\u00e9r 2. r\u00e9sz ( 2021 )<\/li>\n<li>Bujtor Istv\u00e1n: Zsaruv\u00e9r \u00e9s csigav\u00e9r 3. r\u00e9sz ( 2021 )<\/li>\n<li>Mih\u00e1lyfy S\u00e1ndor: Indul a bakterh\u00e1z ( 2021 )<\/li>\n<li>Zsombolyai J\u00e1nos: A kenguru ( 2021 )<\/li>\n<li>Jankovics Marcell: Toldi ( 2021 )<\/li>\n<li>Madar\u00e1sz Isti: Ecc-Pecc ( 2021 )<\/li>\n<li>Kiss El\u0151d: Jog\u00e1llamis\u00e1g ( 2021 )<\/li>\n<li>Jankovics Marcell: J\u00e1nos vit\u00e9z ( 2021 )<\/li>\n<li>V\u00e1rkonyi Zolt\u00e1n: Egri csillagok ( 2021 )<\/li>\n<li>B\u00e1n J\u00e1nos, Vladislav Pavlovic: Szent P\u00e9ter eserny\u0151je ( 2021 )<\/li>\n<li>Feh\u00e9r Zolt\u00e1n: Vad v\u00edz &#8211; Aqua Hungarica, Magyarorsz\u00e1g vadvizeinek t\u00f6rt\u00e9nete ( 2021 )<\/li>\n<li>Vit\u00e9zy L\u00e1szl\u00f3: Pillang\u00f3 ( 2021 )<\/li>\n<li>Dargay Attila: Vuk ( 2021 )<\/li>\n<li>B\u00e1n Frigyes: Szeg\u00e9ny gazdagok ( 2021 )<\/li>\n<li>T\u00f3th Barnab\u00e1s: Van egy hat\u00e1r ( 2022 )<\/li>\n<li>V\u00e1ndor Attila: Gupvi &#8211; A hal\u00e1l t\u00e1borai ( 2022 )<\/li>\n<li>Gell\u00e1r Csaba: A rongylabda ( 2022 )<\/li>\n<li>Vit\u00e9zy L\u00e1szl\u00f3: Az \u00e9nekesn\u0151 ( 2022 )<\/li>\n<li>Sikl\u00f3si Beatrix, Czak\u00f3 Adorj\u00e1n: Ahol az \u00e9g \u00f6ssze\u00e9r a f\u00f6lddel ( 2022 )<\/li>\n<li>Ternovszky B\u00e9la: Macskafog\u00f3 ( 2022 )<\/li>\n<li>Mamcserov Frigyes: Mici n\u00e9ni k\u00e9t \u00e9lete ( 2022 )<\/li>\n<li>Wiedermann K\u00e1roly: H\u00e1zass\u00e1gb\u00f3l el\u00e9gs\u00e9ges ( 2022 )<\/li>\n<li>Andr\u00e1s Ferenc: Veri az \u00f6rd\u00f6g a feles\u00e9g\u00e9t ( 2022 )<\/li>\n<li>Kat\u00f3 Zsolt: \u0150rz\u0151k nyom\u00e1ban ( 2022 )<\/li>\n<li>R\u00e9v\u00e9sz Gy\u00f6rgy: Az oroszl\u00e1n ugrani k\u00e9sz\u00fcl ( 2022 )<\/li>\n<li>T\u00edm\u00e1r P\u00e9ter: Eg\u00e9szs\u00e9ges erotika ( 2022 )<\/li>\n<li>T\u00edm\u00e1r P\u00e9ter: Csinibaba ( 2022 )<\/li>\n<li>Szil\u00e1gyi Andor: Mansfeld ( 2022 )<\/li>\n<li>T\u00f3th P\u00e9ter P\u00e1l: Fi\u00fak novemberben ( 2022 )<\/li>\n<li>T\u00f3th Barnab\u00e1s: Akik maradtak ( 2022 )<\/li>\n<li>Jankovics Marcell: \u00c9nek a csodaszarvasr\u00f3l ( 2022 )<\/li>\n<li>Horv\u00e1th Lili: Felk\u00e9sz\u00fcl\u00e9s meghat\u00e1rozatlan ideig tart\u00f3 egy\u00fcttl\u00e9tre ( 2022 )<\/li>\n<li>Keleti M\u00e1rton: M\u00e1gn\u00e1s Miska ( 2022 )<\/li>\n<li>Krisk\u00f3 L\u00e1szl\u00f3: Aranybulla ( 2022 )<\/li>\n<li>Dombrovszky Linda: A helys\u00e9g kalap\u00e1csa ( 2023 )<\/li>\n<li>Bergendy P\u00e9ter: A vizsga ( 2023 )<\/li>\n<li>Szab\u00f3 Istv\u00e1n: Az ajt\u00f3 ( 2023 )<\/li>\n<li>T\u0151s\u00e9r \u00c1d\u00e1m: B\u00e9ke a nemzetek felett ( 2023 )<\/li>\n<li>Jankovics Marcell: Az ember trag\u00e9di\u00e1ja ( 2023 )<\/li>\n<li>Sz\u0171cs G\u00e1bor: K\u00e9k, k\u00e9k, k\u00e9k ( 2023 )<\/li>\n<li>V\u00e1rkonyi Zolt\u00e1n: Keser\u0171 igazs\u00e1g ( 2023 )<\/li>\n<li>V\u00e9kes Csaba: Korai mennyegz\u0151 ( 2023 )<\/li>\n<li>Makk K\u00e1roly: Szerelem ( 2023 )<\/li>\n<li>Pozsgai Zsolt: Magyar Golgota ( 2023 )<\/li>\n<li>T\u0151s\u00e9r \u00c1d\u00e1m: Blok\u00e1d ( 2023 )<\/li>\n<li>F\u00e1bri Zolt\u00e1n: Az \u00f6t\u00f6dik pecs\u00e9t ( 2023 )<\/li>\n<li>F\u00e1bri Zolt\u00e1n: A p\u00e1l utcai fi\u00fak ( 2023 )<\/li>\n<li>Sz\u00e1sz Attila: \u00d6r\u00f6k t\u00e9l ( 2024 )<\/li>\n<li>Gertler Viktor: Az aranyember ( 2024 )<\/li>\n<li>Szab\u00f3 Istv\u00e1n: Apa- egy hit napl\u00f3ja ( 2024 )<\/li>\n<li>Szab\u00f3 Istv\u00e1n: Bizalom ( 2024 )<\/li>\n<li>Szab\u00f3 Istv\u00e1n: A napf\u00e9ny \u00edze ( 2024 )<\/li>\n<li>Gy\u00f6ngy\u00f6ssy Imre, Kabay Barna: J\u00f3b l\u00e1zad\u00e1sa ( 2024 )<\/li>\n<li>S\u00f3s M\u00e1ria: V\u00e1rosb\u00faj\u00f3cska ( 2024 )<\/li>\n<li>R\u00f3zsa J\u00e1nos: Cs\u00f3k, Anyu ( 2024 )<\/li>\n<li>B\u00f6sz\u00f6rm\u00e9nyi G\u00e9za: Sz\u00edvz\u0171r ( 2024 )<\/li>\n<li>Alm\u00e1si Tam\u00e1s: Pusk\u00e1s Hungary ( 2024 )<\/li>\n<li>Ga\u00e1l B\u00e9la: Meseaut\u00f3 ( 2024 )<\/li>\n<li>Vit\u00e9zy L\u00e1szl\u00f3: A galamb papn\u00e9 ( 2024 )<\/li>\n<li>Keleti M\u00e1rton: A csodacsat\u00e1r ( 2024 )<\/li>\n<li>T\u00f3th Endre: 5 \u00f3ra 40 ( 2024 )<\/li>\n<li>S\u00e1ra S\u00e1ndor: Feldobott k\u0151 ( 2024 )<\/li>\n<li>S\u00e1ra S\u00e1ndor: Vigy\u00e1z\u00f3k ( 2024 )<\/li>\n<li>S\u00e1ndor P\u00e1l: Szerencs\u00e9s D\u00e1niel ( 2024 )<\/li>\n<li>M\u00e9sz\u00e1ros M\u00e1rta: Sz\u00e9p l\u00e1nyok, ne s\u00edrjatok! ( 2024 )<\/li>\n<li>M\u00e9sz\u00e1ros M\u00e1rta: \u00d6r\u00f6ks\u00e9g ( 2024 )<\/li>\n<li>Gy\u00f6ngy\u00f6ssy Bence: A feltal\u00e1l\u00f3 ( 2024 )<\/li>\n<li>M\u00e1ri\u00e1ssy F\u00e9lix: Egy pikol\u00f3 vil\u00e1gos ( 2024 )<\/li>\n<li>Kurt\u00e1g Judit, Maryline Charrier: A h\u00e1rom Kurt\u00e1g ( 2024 )<\/li>\n<li>Baska Barbara: Baska magyarul besz\u00e9l &#8211; Baska J\u00f3zsef t\u00f6rt\u00e9nete ( 2024 )<\/li>\n<li>Jamrik Levente: V\u00f6r\u00f6s nark\u00f3 ( 2024 )<\/li>\n<li>Pacskovszky J\u00f3zsef: Majdnem menyasszony ( 2024 )<\/li>\n<li>Szab\u00f3 Istv\u00e1n: Mephisto ( 2024 )<\/li>\n<li>Husz\u00e1rik Zolt\u00e1n: Szindb\u00e1d ( 2024 )<\/li>\n<li>Kantemir Balagov, Jeremy Webb, Ali Abbasi: The Last of Us &#8211; sorozat\u00a0<\/li>\n<li>Sam Mendes: The Franchise &#8211; sorozat\u00a0<\/li>\n<li>Szinet\u00e1r Mikl\u00f3s: R\u00f3zsa S\u00e1ndor &#8211; sorozat ( 2025 )<\/li>\n<li>Zsurzs \u00c9va: S\u00e1rga r\u00f3zsa ( 2025 )<\/li>\n<\/ul>\n<p>&nbsp;<\/p>\n<p>\u00a0Audionarr\u00e1tor, Rendez\u00e9s<\/p>\n<ul>\n<li>Nagy Anik\u00f3 M\u00e1ria: 1968- Egy szerelem rekonstrukci\u00f3ja ( 2024 )<\/li>\n<li>Gertler Viktor: \u00c1llami \u00e1ruh\u00e1z ( 2024 )<\/li>\n<li>T\u00edm\u00e1r P\u00e9ter: Zimmer Feri ( 2024 )<\/li>\n<li>Berem\u00e9nyi G\u00e9za: Eldor\u00e1d\u00f3 ( 2024 )<\/li>\n<li>B\u00e1n Frigyes: Csendes otthon ( 2024 )<\/li>\n<li>T\u00f3th Endre: Hat h\u00e9t boldogs\u00e1g ( 2024 )<\/li>\n<li>S\u00e1ra S\u00e1ndor: T\u00fcske a k\u00f6r\u00f6m alatt ( 2024 )<\/li>\n<li>S\u00e1ndor P\u00e1l: Miss Arizona ( 2024 )<\/li>\n<li>S\u00e1ndor P\u00e1l: R\u00e9gi id\u0151k focija ( 2024 )<\/li>\n<li>M\u00e9sz\u00e1ros M\u00e1rta: Napl\u00f3 gyermekeimnek ( 2024 )<\/li>\n<li>S\u00e1ra S\u00e1ndor, Gion N\u00e1ndor: A v\u00e1d ( 2024 )<\/li>\n<li>S\u00e1ndor P\u00e1l: Ripacsok ( 2024 )<\/li>\n<li>Koltai Lajos: Semmelweis ( 2024 )<\/li>\n<li>M\u00e1ri\u00e1ssy F\u00e9lix: Rokonok ( 2024 )<\/li>\n<li>Kiss G\u00e1bor Istv\u00e1n: Krausz Ferenc &#8211; Az elektronok nyom\u00e1ban ( 2024 )<\/li>\n<li>Bertha L\u00edvia: A legpomp\u00e1sabb emberi elme ( 2024 )<\/li>\n<li>Makk K\u00e1roly: Megsz\u00e1llottak ( 2025 )<\/li>\n<li>Szomjas Gy\u00f6rgy: Kopaszkutya ( 2025 )<\/li>\n<li>M\u00e1rkly N\u00f3ra: Kis falub\u00f3l vil\u00e1gh\u00edr\u0171 st\u00fadi\u00f3ba ( 2025 )<\/li>\n<\/ul>\n<p>Streamelt sz\u00ednh\u00e1zi el\u0151ad\u00e1sok &#8211; Audionarr\u00e1tor, Rendez\u00e9s<\/p>\n<ul>\n<li>Vojtina B\u00e1bsz\u00ednh\u00e1z: Libap\u00e1sztorl\u00e1ny ( 2021 )<\/li>\n<li>Vojtina B\u00e1bsz\u00ednh\u00e1z: Arika ( 2021 )<\/li>\n<li>Vojtina B\u00e1bsz\u00ednh\u00e1z: Vas Laci ( 2021 )<\/li>\n<\/ul>\n<p>&nbsp;<\/p>\n<p>Sz\u00ednh\u00e1zi el\u0151ad\u00e1sok &#8211; Audionarr\u00e1tor<\/p>\n<ul>\n<li>Szolnoki Szigligeti Sz\u00ednh\u00e1z: Eldor\u00e1d\u00f3 ( 2024 )<\/li>\n<li>Szolnoki Szigligeti Sz\u00ednh\u00e1z: Hajmereszt\u0151 ( 2024 )<\/li>\n<li>Szolnoki Szigligeti Sz\u00ednh\u00e1z: Figaro h\u00e1zass\u00e1ga ( 2024 )<\/li>\n<\/ul>\n<p>&nbsp;<\/p>\n<p>&nbsp;<\/p>\n<p>M\u00fazeum &#8211; Audionarr\u00e1tor<\/p>\n<p>Magyar Nemzeti Gal\u00e9ria &#8211; Csontv\u00e1ry Kosztka Tivadar ki\u00e1ll\u00edt\u00e1s<\/p>\n<p>&nbsp;<\/p>\n<p>&nbsp;<\/p>\n<p>[\/et_pb_text][\/et_pb_column][et_pb_column type=&#8221;1_2&#8243; _builder_version=&#8221;4.24.2&#8243; _module_preset=&#8221;default&#8221; global_colors_info=&#8221;{}&#8221;][et_pb_team_member name=&#8221;Demeter-Szab\u00f3 Ildik\u00f3&#8221; position=&#8221;Jelnyelvi tolm\u00e1cs &#8211; Audionarr\u00e1tor&#8221; image_url=&#8221;https:\/\/narradivak.hu\/wp-content\/uploads\/2024\/03\/narradivak-demeter-szabo-ildiko.jpg&#8221; _builder_version=&#8221;4.24.2&#8243; _module_preset=&#8221;default&#8221; global_colors_info=&#8221;{}&#8221;]<\/p>\n<div class=\"row mt-5\">\n<div class=\"col-lg-9\">\n<p>Be kellene mutatkoznom \u2013 \u00edgy illik \u2013 de ki is vagyok \u00e9n?<\/p>\n<p>Egy \u00f6r\u00f6k \u00e1lmodoz\u00f3, aki m\u00e9g mindig hisz abban, hogy a vil\u00e1g jobb\u00e1 tehet\u0151 figyelmess\u00e9ggel, kedvess\u00e9ggel \u00e9s t\u00f6r\u0151d\u00e9ssel. Hisz abban, hogy ha valakihez vagy valamihez j\u00f3sz\u00e1nd\u00e9kkal k\u00f6zel\u00edt\u00fcnk, abb\u00f3l sz\u00fclethet mindenki sz\u00e1m\u00e1ra hasznos \u00e9s \u00e9rt\u00e9kes.<\/p>\n<p>Gyermekkorom \u00f3ta \u00e9rdekel a kult\u00fara, legyen sz\u00f3 ak\u00e1r k\u00f6nyvekr\u0151l, vagy sz\u00ednh\u00e1zr\u00f3l, ki\u00e1ll\u00edt\u00e1sr\u00f3l vagy t\u00e1ncr\u00f3l. \u00c9s m\u00e9g valami \u00e9rdekel, az emberek.<\/p>\n<p>Hiszem, hogy ha valaki valamilyen fogyat\u00e9koss\u00e1ggal \u00e9li az \u00e9let\u00e9t \u2013 hall\u00e1ss\u00e9r\u00fclt vagy l\u00e1t\u00e1ss\u00e9r\u00fclt \u2013 nem jelentheti azt, hogy nem r\u00e9szes\u00fclhet a kult\u00fara b\u00e1rmelyik ter\u00fclet\u00e9n sz\u00fcletett kincsekb\u0151l, ne \u00e9lvezhesse, ne tanulhasson bel\u0151le. Hiszek abban, hogy nem csup\u00e1n p\u00e9nz k\u00e9rd\u00e9se az, hogy valamit eljuttathassunk azoknak, akiknek ilyen hi\u00e1ny jelenik meg az \u00e9let\u00e9ben, b\u00e1rmelyik ter\u00fcleten.<\/p>\n<p>A kommunik\u00e1ci\u00f3s akad\u00e1lymentes\u00edt\u00e9s az \u00e9n misszi\u00f3m. Tudom, hogy neh\u00e9z utat v\u00e1lasztottam, de hiszek benne, hogy \u00e9rt\u00e9ket teremt\u00fcnk \u00e1ltala, ha kitartunk \u00e9s v\u00e9gig megy\u00fcnk rajta. Azok, akiket egyenl\u0151 es\u00e9lyekhez seg\u00edtek \u2013 a hall\u00e1ss\u00e9r\u00fcltek \u00e9s a l\u00e1t\u00e1ss\u00e9r\u00fcltek \u2013 egy teljesebb vil\u00e1ghoz f\u00e9rhetnek hozz\u00e1, \u00e1ltalunk \u00e9s ez boldogs\u00e1g.<\/p>\n<p>Jelnyelvi tolm\u00e1csk\u00e9nt dolgozom lassan k\u00e9t \u00e9vtizede \u00e9s nem r\u00e9g megszerzett \u00faj tud\u00e1somat audionarr\u00e1tork\u00e9nt szint\u00e9n szeretn\u00e9m kamatoztatni.<\/p>\n<p>\u00c9s m\u00e9g valami, a nevem: Demeter-Szab\u00f3 Ildik\u00f3.<\/p>\n<\/div>\n<\/div>\n<div class=\"image_description p-3\">\n<p>A k\u00e9pen Demeter \u2013 Szab\u00f3 Ildik\u00f3 l\u00e1that\u00f3, fels\u0151test\u00e9vel balra fordulva, de arca a kamera fel\u00e9 tekint. R\u00f6vid sz\u0151ke mel\u00edrozott haja a f\u00fcl\u00e9ig \u00e9r, s\u00f6t\u00e9tk\u00e9k keretes szem\u00fcveget visel. Szeme sz\u00edne z\u00f6ldesbarna, mely z\u00f6ld szemceruz\u00e1val van kih\u00fazva. Sz\u00e9les, \u00e9letvid\u00e1m mosolya sug\u00e1rz\u00f3, arca sz\u00edvalak\u00fa, homloka magas, szem\u00f6ld\u00f6ke sz\u00e9pen \u00edvelt, melynek sz\u00edne egyezik a hajsz\u00edn\u00e9vel. Arca finoman sminkelt, b\u0151re finom puha tapint\u00e1s\u00fanak t\u0171nik. Sz\u00fcrke bl\u00fazt visel, melyen apr\u00f3 fekete kocka mint\u00e1k vannak, a gall\u00e9rja masnira van megk\u00f6tve.<\/p>\n<p>A fot\u00f3t<span>\u00a0<\/span><a href=\"https:\/\/www.folditamas.hu\/\" target=\"_blank\" rel=\"noopener\">F\u00f6ldi Tam\u00e1s<\/a><span>\u00a0<\/span>k\u00e9sz\u00edtette.<\/p>\n<\/div>\n<p>[\/et_pb_team_member][et_pb_text _builder_version=&#8221;4.24.2&#8243; _module_preset=&#8221;default&#8221; background_color=&#8221;#F0F4F9&#8243; custom_padding=&#8221;20px|20px|20px|20px|false|false&#8221; global_colors_info=&#8221;{}&#8221;]<\/p>\n<h2>Referenci\u00e1k<\/h2>\n<p>[\/et_pb_text][et_pb_text _builder_version=&#8221;4.24.2&#8243; _module_preset=&#8221;default&#8221; global_colors_info=&#8221;{}&#8221;]<\/p>\n<p>Az elm\u00falt \u00e9vek folyam\u00e1n az al\u00e1bbi darabokban dolgoztam jelnyelvi tolm\u00e1csk\u00e9nt, darabv\u00e1logat\u00e1sokon, valamint sz\u00ednpadi tolm\u00e1csol\u00e1sokat v\u00e9geztem, nagyobb hall\u00e1ss\u00e9r\u00fclt k\u00f6z\u00f6ns\u00e9g el\u0151tt.<\/p>\n<p>Sz\u00ednh\u00e1zi munk\u00e1im:<\/p>\n<p>darabv\u00e1logat\u00e1sok: (1 \u2013 3 f\u0151 hall\u00e1ss\u00e9r\u00fclt r\u00e9szv\u00e9tel\u00e9vel)<\/p>\n<ul>\n<li>Szil\u00e1gyi \u2013 Zerkovitz: Cs\u00f3kos asszony (2002, Csokonai Sz\u00ednh\u00e1z, Debrecen)<\/li>\n<li>Szab\u00f3 M.: Ki\u00e1lts v\u00e1ros! (2004, Csokonai Sz\u00ednh\u00e1z, Debrecen)<\/li>\n<li>Csehov: A h\u00e1rom n\u0151v\u00e9r (2006, \u00daj Sz\u00ednh\u00e1z, Budapest)<\/li>\n<li>Moln\u00e1r F.: J\u00e1t\u00e9k a kast\u00e9lyban (2006, J\u00f3zsef Attila Sz\u00ednh\u00e1z,Budapest)<\/li>\n<li>D\u00e9s \u2013 Geszti: A dzsungel k\u00f6nyve (2006, Pesti Sz\u00ednh\u00e1z, Budapest)<\/li>\n<\/ul>\n<p>el\u0151ad\u00e1sok: (szervezett hall\u00e1ss\u00e9r\u00fclt csoport el\u0151tt)<\/p>\n<ul>\n<li>Barrie \u2013 Leight \u2013 Slyne: Peter Pan (2002, Csokonai Sz\u00ednh\u00e1z, Debrecen)<\/li>\n<li>Sz\u00f6r\u00e9nyi \u2013 Br\u00f3dy: Istv\u00e1n a kir\u00e1ly (2004, Zenetheatrum, Debrecen)<\/li>\n<li>Presszer \u2013 Sztevanovity: A padl\u00e1s (2006, Vasutas Musical St\u00fadi\u00f3, Debrecen)<\/li>\n<li>K\u00e1lm\u00e1n I. : Marica gr\u00f3fn\u0151 ( 2006, Operettsz\u00ednh\u00e1z, Budapest)<\/li>\n<li>Hermann \u2013 Fierstein: \u0150r\u00fclt n\u0151k ketrece (2004, M\u00f3ricz Zsigmond Sz\u00ednh\u00e1z, Ny\u00edregyh\u00e1za)<\/li>\n<li>Moln\u00e1r F.: Az \u00fcvegcip\u0151 (2005, M\u00f3ricz Zsigmond Sz\u00ednh\u00e1z, Ny\u00edregyh\u00e1za)<\/li>\n<li>Gy\u00e1rf\u00e1s T. \u2013 Szab\u00f3 T.: Tanulm\u00e1ny a n\u0151kr\u0151l (2006, M\u00f3ricz Zsigmond Sz\u00ednh\u00e1z, Ny\u00edregyh\u00e1za)<\/li>\n<li>Slade: J\u00f6v\u0151re veled, ugyanitt! (2007 M\u00f3ricz Zsigmond Sz\u00ednh\u00e1z, Ny\u00edregyh\u00e1za)<\/li>\n<li>D\u00e9s \u2013 Nemes \u2013 B\u0151hm: Valahol Eur\u00f3p\u00e1ban (2008, M\u00f3ricz Zsigmond Sz\u00ednh\u00e1z, Ny\u00edregyh\u00e1za)<\/li>\n<li>Sz\u00f6r\u00e9nyi \u2013 Br\u00f3dy: K\u0151m\u0171ves Kelemen (2009, M\u00f3ricz Zsigmond Sz\u00ednh\u00e1z, Ny\u00edregyh\u00e1za)<\/li>\n<li>K\u00e1lm\u00e1n I.: Cs\u00e1rd\u00e1skir\u00e1lyn\u0151 (2010, M\u00f3ricz Zsigmond Sz\u00ednh\u00e1z, Ny\u00edregyh\u00e1za)<\/li>\n<li>Poiret: \u0150r\u00fclt n\u0151k ketrece (2009, Nemzeti Sz\u00ednh\u00e1z, Miskolc)<\/li>\n<li>K. Ludwig: Botr\u00e1ny az Oper\u00e1ban (A k\u00e9t tenor)(2010, Nemzeti Sz\u00ednh\u00e1z, Miskolc) \u2013 a 90 decibel Projekt k\u00f6zrem\u0171k\u00f6d\u00e9s\u00e9vel<\/li>\n<li>Dan Goggin: Ap\u00e1c\u00e1k (2011, Nemzeti Sz\u00ednh\u00e1z, Miskolc) \u2013 a 90 decibel Projekt k\u00f6zrem\u0171k\u00f6d\u00e9s\u00e9vel<\/li>\n<li>J\u00e1vori Ferenc: Menyasszonyt\u00e1nc (2012, Nemzeti Sz\u00ednh\u00e1z, Miskolc)<\/li>\n<li>Mozart: Var\u00e1zsfuvola (2012, M\u00f3ricz Zsigmond Sz\u00ednh\u00e1z, Ny\u00edregyh\u00e1za)<\/li>\n<li>Eisemann \u2013 Somogyi \u2013 Z\u00e1gon: Fekete P\u00e9ter (2013, M\u00f3ricz Zsigmond Sz\u00ednh\u00e1z, Ny\u00edregyh\u00e1za)<\/li>\n<li>MacDermot \u2013 Rado \u2013 Ragni: HAIR (2014, M\u00f3ricz Zsigmond Sz\u00ednh\u00e1z, Ny\u00edregyh\u00e1za)<\/li>\n<li>Heinrich von Kleist: T\u0171zpr\u00f3ba avagy a Heilbronni Katica (2015, M\u00f3ricz Zsigmond Sz\u00ednh\u00e1z Ny\u00edregyh\u00e1za)<\/li>\n<li>Martin McDonagh &#8211; A p\u00e1rnaember (2015, M\u00f3ricz Zsigmond Sz\u00ednh\u00e1z, Ny\u00edregyh\u00e1za)<\/li>\n<li>M\u00f3ricz Zsigmond: Pillang\u00f3 (2015, M\u00f3ricz Zsigmond Sz\u00ednh\u00e1z, Ny\u00edregyh\u00e1za)<\/li>\n<li>Moln\u00e1r Ferenc: Az \u00f6rd\u00f6g (2015, M\u00f3ricz Zsigmond Sz\u00ednh\u00e1z, Ny\u00edregyh\u00e1za)<\/li>\n<li>Bohumil Hrabal: T\u00fal zajos mag\u00e1ny (2016., M\u00f3ricz Zsigmond Sz\u00ednh\u00e1z, Ny\u00edregyh\u00e1za)<\/li>\n<li>Alfred Gr\u00fcnwald &#8211; Fritz L\u00f6hner-Beda &#8211; \u00c1brah\u00e1m P\u00e1l: B\u00e1l a Savoyban (2016.,M\u00f3ricz Zsigmond Sz\u00ednh\u00e1z, Ny\u00edregyh\u00e1za)<\/li>\n<li>Leonard Gershe: A pillang\u00f3k szabadok (2016, MJ Produkci\u00f3, Ny\u00edregyh\u00e1za)<\/li>\n<li>Moli\u00e9re (Peer Kriszti\u00e1n \u00e9s Naszlady \u00c9va \u00e1tdolgoz\u00e1s alapj\u00e1n): Tud\u00f3s n\u0151k (2016,M\u00f3ricz Zsigmond Sz\u00ednh\u00e1z, Ny\u00edregyh\u00e1za)<\/li>\n<li>Vajda Katalin &#8211; F\u00e1bri P\u00e9ter: Anconai szerelmesek 2. (2016,M\u00f3ricz Zsigmond Sz\u00ednh\u00e1z, Ny\u00edregyh\u00e1za &#8211; Szabadt\u00e9ri Sz\u00ednpad)<\/li>\n<li>D\u00e9ry Tibor &#8211; P\u00f3s S\u00e1ndor &#8211; Presser G\u00e1bor &#8211; Adamis Anna: K\u00e9pzelt riport egy amerikai popfesztiv\u00e1lr\u00f3l (2016, M\u00f3ricz Zsigmond Sz\u00ednh\u00e1z, Ny\u00edregyh\u00e1za)<\/li>\n<li>Gotthold Ephraim Lessing: Emilia Galotti (2017., M\u00f3ricz Zsigmond Sz\u00ednh\u00e1z, Ny\u00edregyh\u00e1za)<\/li>\n<li>Michael Frayn: F\u00fcgg\u00f6ny fel! (2017., M\u00f3ricz Zsigmond Sz\u00ednh\u00e1z, Ny\u00edregyh\u00e1za)<\/li>\n<li>Hamvai Korn\u00e9l: Castel Felice (2017., M\u00f3ricz Zsigmond Sz\u00ednh\u00e1z, Ny\u00edregyh\u00e1za)<\/li>\n<li>Ken Ludwig: Sherlock Holmes \u2013 A S\u00e1t\u00e1n kuty\u00e1ja (2017. M\u00f3ricz Zsigmond Sz\u00ednh\u00e1z, Ny\u00edregyh\u00e1za)<\/li>\n<li>L\u00e1szl\u00f3 Mikl\u00f3s: Illatszert\u00e1r (2017.M\u00f3ricz Zsigmond Sz\u00ednh\u00e1z, Ny\u00edregyh\u00e1za)<\/li>\n<li>John Kander &#8211; Fred Ebb &#8211; Bob Fosse: CHICAGO (2018. M\u00f3ricz Zsigmond Sz\u00ednh\u00e1z, Ny\u00edregyh\u00e1za)<\/li>\n<li>Friedrich Schiller: Don Carlos (2018. M\u00f3ricz Zsigmond Sz\u00ednh\u00e1z, Ny\u00edregyh\u00e1za)<\/li>\n<li>Georges Feydeau: A balek (A h\u00fcly\u00e9je) (2018. M\u00f3ricz Zsigmond Sz\u00ednh\u00e1z, Ny\u00edregyh\u00e1za)<\/li>\n<li>Francis Veber: Balf\u00e1c\u00e1nt vacsor\u00e1ra (2019. M\u00f3ricz Zsigmond Sz\u00ednh\u00e1z, Ny\u00edregyh\u00e1za)<\/li>\n<li>Dragom\u00e1n Gy\u00f6rgy: Kalucsni (2019. M\u00f3ricz Zsigmond Sz\u00ednh\u00e1z, Ny\u00edregyh\u00e1za)<\/li>\n<li>D\u00e9s L\u00e1szl\u00f3 \u2013 Geszti P\u00e9ter \u2013 Grecs\u00f3 Kriszti\u00e1n: A P\u00e1l utcai fi\u00fak (2019. Csokonai Sz\u00ednh\u00e1z, Debrecen)<\/li>\n<li>Presser G\u00e1bor-Sztevanovity Dus\u00e1n: A padl\u00e1s (2019. Csokonai Sz\u00ednh\u00e1z, Debrecen)<\/li>\n<li>Conor Mcpherson: Tengeren (2020. M\u00f3ricz Zsigmond Sz\u00ednh\u00e1z, Ny\u00edregyh\u00e1za)<\/li>\n<li>Andrzej Saramonowicz: Tesztoszteron (2020. Csokonai Sz\u00ednh\u00e1z, Debrecen)<\/li>\n<li>Patricia Resnick &#8211; Dolly Parton: 9-t\u0151l 5-ig (2020. M\u00f3ricz Zsigmond Sz\u00ednh\u00e1z, Ny\u00edregyh\u00e1za \u2013 R\u00f3zsakert Szabadt\u00e9ri Sz\u00ednpad)<\/li>\n<li>Claude Magnier: Oscar (2020. M\u00f3ricz Zsigmond Sz\u00ednh\u00e1z, Ny\u00edregyh\u00e1za \u2013 R\u00f3zsakert Szabadt\u00e9ri Sz\u00ednpad)<\/li>\n<li>Neil Simon \u2013 Cy Coleman \u2013 Dorothy Fields: \u00c9des Charity (2020. M\u00f3ricz Zsigmond Sz\u00ednh\u00e1z, Ny\u00edregyh\u00e1za)<\/li>\n<\/ul>\n<p>Streamelt sz\u00ednh\u00e1zi el\u0151ad\u00e1sok:<\/p>\n<ul>\n<li>Vojtina B\u00e1bsz\u00ednh\u00e1z: Libap\u00e1sztorl\u00e1ny ( audionarr\u00e1ci\u00f3s sz\u00f6vegk\u00f6nyv, jelnyelvi tolm\u00e1cs )<\/li>\n<li>Vojtina B\u00e1bsz\u00ednh\u00e1z: Arika ( audionarr\u00e1ci\u00f3s sz\u00f6vegk\u00f6nyv, jelnyelvi tolm\u00e1cs )<\/li>\n<li>Hamvai Korn\u00e9l: Castel Felice ( 2021, M\u00f3ricz Zsigmond Sz\u00ednh\u00e1z, Ny\u00edregyh\u00e1za ) ( jelnyelvi tolm\u00e1cs )<\/li>\n<\/ul>\n<p>[\/et_pb_text][\/et_pb_column][\/et_pb_row][\/et_pb_section]<\/p>\n","protected":false},"excerpt":{"rendered":"<p>&nbsp; 2020 -ban v\u00e9geztem audionarr\u00e1tork\u00e9nt az Nfszk k\u00e9pz\u00e9s\u00e9n, &#8222;kiv\u00e1l\u00f3an megfelelt &#8221; min\u0151s\u00edt\u00e9ssel. A hollandai \u00e9let, a Borsodban elt\u00f6lt\u00f6tt gyermekkor sok mindenre megtan\u00edtott. Nem hiszek a v\u00e9letlenekben. Hiszem, hogy kitart\u00f3 munk\u00e1val, szorgalommal \u00e9s al\u00e1zattal el\u00e9rj\u00fck a c\u00e9lunkat. Hiszem, hogy nincs lehetetlen. Hiszem, hogy csak egy\u00fcttes \u00f6sszefog\u00e1ssal tehet\u00fcnk egym\u00e1s\u00e9rt. Mindenkinek j\u00e1r es\u00e9ly, lehet\u0151s\u00e9g \u00e9s a legfontosabb, hogy [&hellip;]<\/p>\n","protected":false},"author":1,"featured_media":0,"parent":0,"menu_order":0,"comment_status":"closed","ping_status":"closed","template":"","meta":{"_et_pb_use_builder":"on","_et_pb_old_content":"","_et_gb_content_width":"","_FSMCFIC_featured_image_caption":"","_FSMCFIC_featured_image_nocaption":"","_FSMCFIC_featured_image_hide":"","footnotes":""},"class_list":["post-57","page","type-page","status-publish","hentry"],"_links":{"self":[{"href":"https:\/\/narradivak.hu\/index.php?rest_route=\/wp\/v2\/pages\/57","targetHints":{"allow":["GET"]}}],"collection":[{"href":"https:\/\/narradivak.hu\/index.php?rest_route=\/wp\/v2\/pages"}],"about":[{"href":"https:\/\/narradivak.hu\/index.php?rest_route=\/wp\/v2\/types\/page"}],"author":[{"embeddable":true,"href":"https:\/\/narradivak.hu\/index.php?rest_route=\/wp\/v2\/users\/1"}],"replies":[{"embeddable":true,"href":"https:\/\/narradivak.hu\/index.php?rest_route=%2Fwp%2Fv2%2Fcomments&post=57"}],"version-history":[{"count":28,"href":"https:\/\/narradivak.hu\/index.php?rest_route=\/wp\/v2\/pages\/57\/revisions"}],"predecessor-version":[{"id":422,"href":"https:\/\/narradivak.hu\/index.php?rest_route=\/wp\/v2\/pages\/57\/revisions\/422"}],"wp:attachment":[{"href":"https:\/\/narradivak.hu\/index.php?rest_route=%2Fwp%2Fv2%2Fmedia&parent=57"}],"curies":[{"name":"wp","href":"https:\/\/api.w.org\/{rel}","templated":true}]}}