{"id":8,"date":"2024-03-04T11:00:38","date_gmt":"2024-03-04T10:00:38","guid":{"rendered":"https:\/\/narradivak.hu\/?page_id=8"},"modified":"2024-05-05T22:31:07","modified_gmt":"2024-05-05T20:31:07","slug":"fooldal","status":"publish","type":"page","link":"https:\/\/narradivak.hu\/","title":{"rendered":"F\u0151oldal"},"content":{"rendered":"<p>[et_pb_section fb_built=&#8221;1&#8243; _builder_version=&#8221;4.24.2&#8243; _module_preset=&#8221;default&#8221; global_colors_info=&#8221;{}&#8221;][et_pb_row column_structure=&#8221;1_2,1_2&#8243; make_equal=&#8221;on&#8221; _builder_version=&#8221;4.24.2&#8243; _module_preset=&#8221;default&#8221; max_width=&#8221;80%&#8221; custom_css_main_element=&#8221;align-items:center;&#8221; global_colors_info=&#8221;{}&#8221;][et_pb_column type=&#8221;1_2&#8243; _builder_version=&#8221;4.24.2&#8243; _module_preset=&#8221;default&#8221; global_colors_info=&#8221;{}&#8221;][et_pb_text _builder_version=&#8221;4.24.2&#8243; _module_preset=&#8221;default&#8221; header_font_size=&#8221;52px&#8221; header_2_font_size=&#8221;29px&#8221; header_4_font_size=&#8221;24px&#8221; global_colors_info=&#8221;{}&#8221;]<\/p>\n<h4 class=\"fw-bold font-sans-serif\">Audionarr\u00e1ci\u00f3, jelnyelvi tolm\u00e1csol\u00e1s<\/h4>\n<h2 class=\"fs-6 fs-xl-7 mb-5\">Infokommunik\u00e1ci\u00f3s akad\u00e1lymentes\u00edt\u00e9s<\/h2>\n<p>[\/et_pb_text][et_pb_button button_url=&#8221;#kapcsolat&#8221; button_text=&#8221;Kapcsolat&#8221; _builder_version=&#8221;4.24.2&#8243; _module_preset=&#8221;default&#8221; custom_button=&#8221;on&#8221; button_text_color=&#8221;#002147&#8243; button_bg_color=&#8221;#FDD026&#8243; button_border_width=&#8221;0px&#8221; global_colors_info=&#8221;{}&#8221;][\/et_pb_button][et_pb_button button_url=&#8221;#rolunk-mondtak&#8221; button_text=&#8221;R\u00f3lunk mondt\u00e1k&#8221; _builder_version=&#8221;4.24.2&#8243; _module_preset=&#8221;default&#8221; global_colors_info=&#8221;{}&#8221;][\/et_pb_button][\/et_pb_column][et_pb_column type=&#8221;1_2&#8243; _builder_version=&#8221;4.24.2&#8243; _module_preset=&#8221;default&#8221; global_colors_info=&#8221;{}&#8221;][et_pb_image src=&#8221;https:\/\/narradivak.hu\/wp-content\/uploads\/2024\/03\/hero-header-3.png&#8221; title_text=&#8221;hero-header-3&#8243; _builder_version=&#8221;4.24.2&#8243; _module_preset=&#8221;default&#8221; global_colors_info=&#8221;{}&#8221;][\/et_pb_image][\/et_pb_column][\/et_pb_row][et_pb_row column_structure=&#8221;1_4,1_2,1_4&#8243; use_custom_gutter=&#8221;on&#8221; gutter_width=&#8221;1&#8243; make_equal=&#8221;on&#8221; _builder_version=&#8221;4.24.2&#8243; _module_preset=&#8221;default&#8221; background_color=&#8221;#002147&#8243; max_width=&#8221;80%&#8221; height=&#8221;200px&#8221; custom_padding=&#8221;30px|30px|30px|30px|false|false&#8221; custom_css_main_element=&#8221;align-items:center;&#8221; border_radii=&#8221;on|10px|10px|10px|10px&#8221; global_colors_info=&#8221;{}&#8221;][et_pb_column type=&#8221;1_4&#8243; _builder_version=&#8221;4.24.2&#8243; _module_preset=&#8221;default&#8221; global_colors_info=&#8221;{}&#8221;][et_pb_image src=&#8221;https:\/\/narradivak.hu\/wp-content\/uploads\/2024\/03\/funfacts.png&#8221; title_text=&#8221;funfacts&#8221; _builder_version=&#8221;4.24.2&#8243; _module_preset=&#8221;default&#8221; height=&#8221;160px&#8221; global_colors_info=&#8221;{}&#8221;][\/et_pb_image][\/et_pb_column][et_pb_column type=&#8221;1_2&#8243; _builder_version=&#8221;4.24.2&#8243; _module_preset=&#8221;default&#8221; global_colors_info=&#8221;{}&#8221;][et_pb_text _builder_version=&#8221;4.24.2&#8243; _module_preset=&#8221;default&#8221; header_text_color=&#8221;#FFFFFF&#8221; header_font_size=&#8221;42px&#8221; global_colors_info=&#8221;{}&#8221;]<\/p>\n<h1 class=\"text-light fs-lg-4 fs-xl-5\">Ford\u00edtsd az arcodat a nap fel\u00e9<span>\u00a0<\/span><\/h1>\n<h1 class=\"text-light fs-lg-4 fs-xl-5\"><span class=\"text-primary\" style=\"color: #fdd026;\">\u00e9s minden \u00e1rny\u00e9k m\u00f6g\u00e9d ker\u00fcl.<\/span><\/h1>\n<p>[\/et_pb_text][\/et_pb_column][et_pb_column type=&#8221;1_4&#8243; _builder_version=&#8221;4.24.2&#8243; _module_preset=&#8221;default&#8221; global_colors_info=&#8221;{}&#8221;][et_pb_text _builder_version=&#8221;4.24.2&#8243; _module_preset=&#8221;default&#8221; header_text_color=&#8221;#FFFFFF&#8221; header_font_size=&#8221;60px&#8221; global_colors_info=&#8221;{}&#8221;]<\/p>\n<h1 class=\"display-1 text-light text-center text-xl-end\">&#8211; Helen Keller<\/h1>\n<p>[\/et_pb_text][\/et_pb_column][\/et_pb_row][et_pb_row use_custom_gutter=&#8221;on&#8221; gutter_width=&#8221;2&#8243; make_equal=&#8221;on&#8221; _builder_version=&#8221;4.24.2&#8243; _module_preset=&#8221;default&#8221; max_width=&#8221;80%&#8221; global_colors_info=&#8221;{}&#8221;][et_pb_column type=&#8221;4_4&#8243; _builder_version=&#8221;4.24.2&#8243; _module_preset=&#8221;default&#8221; global_colors_info=&#8221;{}&#8221;][et_pb_heading title=&#8221;Legfrissebb h\u00edreink&#8221; _builder_version=&#8221;4.24.2&#8243; _module_preset=&#8221;default&#8221; title_text_align=&#8221;center&#8221; title_font_size=&#8221;42px&#8221; global_colors_info=&#8221;{}&#8221;][\/et_pb_heading][et_pb_blog fullwidth=&#8221;off&#8221; posts_number=&#8221;6&#8243; include_categories=&#8221;all&#8221; meta_date=&#8221;Y M. d.&#8221; excerpt_length=&#8221;120&#8243; show_more=&#8221;on&#8221; show_author=&#8221;off&#8221; show_categories=&#8221;off&#8221; show_excerpt=&#8221;off&#8221; _builder_version=&#8221;4.24.2&#8243; _module_preset=&#8221;default&#8221; meta_font=&#8221;|300|||||||&#8221; read_more_font=&#8221;||||on||||&#8221; read_more_text_color=&#8221;#E09900&#8243; hover_enabled=&#8221;0&#8243; global_colors_info=&#8221;{}&#8221; sticky_enabled=&#8221;0&#8243;][\/et_pb_blog][et_pb_heading title=&#8221;R\u00f3lunk mondt\u00e1k&#8221; module_id=&#8221;rolunk-mondtak&#8221; _builder_version=&#8221;4.24.2&#8243; _module_preset=&#8221;default&#8221; title_text_align=&#8221;center&#8221; title_font_size=&#8221;42px&#8221; global_colors_info=&#8221;{}&#8221;][\/et_pb_heading][et_pb_testimonial author=&#8221;Dr. Tapolczai Gergely&#8221; job_title=&#8221;Orsz\u00e1ggy\u0171l\u00e9si k\u00e9pvisel\u0151, sz\u00ednh\u00e1zi jelnyelvi mentor&#8221; _builder_version=&#8221;4.24.2&#8243; _module_preset=&#8221;default&#8221; body_font=&#8221;|300|||||||&#8221; author_font_size=&#8221;18px&#8221; global_colors_info=&#8221;{}&#8221;]<\/p>\n<p>Ha valaki azt mondja nekem, hogy sz\u00ednh\u00e1z \u00e9s jelnyelv, akkor<span>\u00a0<\/span><a href=\"https:\/\/narradivak.hu\/rolunk\/demeter-szabo-ildiko\" target=\"_blank\" rel=\"noopener\">Demeter-Szab\u00f3 Ildik\u00f3<\/a><span>\u00a0<\/span>jelnyelvi tolm\u00e1cs, \u00e9s most m\u00e1r audionarr\u00e1tor is, az els\u0151k k\u00f6z\u00f6tt jut eszembe. Nem \u0151 volt az els\u0151, akit sz\u00ednh\u00e1zban l\u00e1ttam tolm\u00e1csolni, de \u0151 az egyik, akit legt\u00f6bbsz\u00f6r l\u00e1ttam tolm\u00e1csolni sz\u00ednh\u00e1zi el\u0151ad\u00e1sokon, t\u00f6bb sz\u00ednh\u00e1zban is. Kis t\u00falz\u00e1ssal az elej\u00e9t\u0151l k\u00eds\u00e9rhetem figyelemmel a \u201esz\u00ednh\u00e1zi p\u00e1lyafut\u00e1s\u00e1t\u201d, a mai napig, b\u00e1r ut\u00f3bbi id\u0151ben nem nagyon volt lehet\u0151s\u00e9gem sz\u00ednh\u00e1zi el\u0151ad\u00e1sokra eljutni. Minden el\u0151ad\u00e1sra ugyanolyan lelkiismeretesen k\u00e9sz\u00fclt fel, k\u00e9rve a siket sorst\u00e1rsak v\u00e9lem\u00e9nyeit, tan\u00e1csait, ezzel is gazdag\u00edtva a jelkincs\u00e9t, a kifejez\u00e9sm\u00f3dj\u00e1t, sz\u00ednes\u00edtve a sz\u00ednh\u00e1zi el\u0151ad\u00e1sokhoz sz\u00fcks\u00e9ges jelnyelvi eszk\u00f6zt\u00e1r\u00e1t is.<br \/>K\u00e9ts\u00e9gem sincs afel\u0151l, hogy az audionarr\u00e1tori munk\u00e1kat, feladatokat is ugyanolyan lelkesed\u00e9ssel, szakmai felk\u00e9sz\u00fclts\u00e9ggel fogja ell\u00e1tni, bevonva az \u00e9rintett l\u00e1t\u00e1ss\u00e9r\u00fclteket, k\u00e9rve a szakmai v\u00e9lem\u00e9ny\u00fcket, \u00e9szrev\u00e9teleiket is.<br \/>Ha audionarr\u00e1lt el\u0151ad\u00e1s lesz k\u00f6zeli \u00e9s t\u00e1voli j\u00f6v\u0151ben, \u00e9s Demeter-Szab\u00f3 Ildik\u00f3 lesz az audionarr\u00e1tor, b\u00edzhatnak a sz\u00ednvonalas akad\u00e1lymentes\u00edt\u00e9sben, ez\u00e1ltal egy kellemes, sz\u00f3rakoztat\u00f3 sz\u00ednh\u00e1zi \u00e9lm\u00e9nnyel lehetnek gazdagabbak.<br \/>Kedves<span>\u00a0<\/span><a href=\"https:\/\/narradivak.hu\/rolunk\/demeter-szabo-ildiko\" target=\"_blank\" rel=\"noopener\">Ildik\u00f3<\/a>, sok sikert \u00e9s \u00f6r\u00f6m\u00f6t az audionarr\u00e1ci\u00f3 vil\u00e1g\u00e1ban is!<\/p>\n<p>[\/et_pb_testimonial][et_pb_testimonial author=&#8221;Bar\u00e1th Zolt\u00e1n&#8221; _builder_version=&#8221;4.24.2&#8243; _module_preset=&#8221;default&#8221; body_font=&#8221;|300|||||||&#8221; author_font_size=&#8221;18px&#8221; global_colors_info=&#8221;{}&#8221;]<\/p>\n<p><span>Mind hivat\u00e1sszinten, mint s\u00e9r\u00fclt gyermekekkel foglalkoz\u00f3 szem\u00e9lyk\u00e9nt, mind pedig szerz\u0151i r\u00e9szr\u0151l, akinek \u00e9pp most adtak sz\u00e1rnyakat az \u00dczenetek c\u00edm\u0171 novell\u00e1m akad\u00e1lymentes\u00edt\u00e9s\u00e9vel, csak aj\u00e1nlani tudom a Narrad\u00edv\u00e1k csoportj\u00e1t, mert kezdem\u00e9nyez\u00e9s\u00fck, hogy az irodalmat eljuttass\u00e1k Siket, \u00e9s nagyothall\u00f3,. valamint L\u00e1t\u00e1ss\u00e9r\u00fclt embert\u00e1rsainkhoz, csak tiszteletet, \u00e9s t\u00e1mogat\u00e1st \u00e9rdemel! Ez\u00faton is k\u00f6sz\u00f6n\u00f6m Gazdik Katinak, \u00e9s a Narrad\u00edv\u00e1k csoportj\u00e1nak, hogy bearanyozt\u00e1k az \u00e9letemet jelenl\u00e9t\u00fckkel!<\/span><\/p>\n<p>[\/et_pb_testimonial][et_pb_testimonial author=&#8221;Csizmadia Tibor&#8221; _builder_version=&#8221;4.24.2&#8243; _module_preset=&#8221;default&#8221; body_font=&#8221;|300|||||||&#8221; author_font_size=&#8221;18px&#8221; global_colors_info=&#8221;{}&#8221;]<\/p>\n<p><a href=\"https:\/\/narradivak.hu\/rolunk\/gazdik-katalin\" target=\"_blank\" rel=\"noopener\">Gazdik Katit<\/a><span>\u00a0<\/span>gyors felfog\u00e1s\u00fa, \u00e9rz\u00e9keny embernek ismertem meg. Sz\u00ednh\u00e1zi affinit\u00e1sa magasfok\u00fa, nemzetk\u00f6zi kitekint\u00e9se impon\u00e1l\u00f3.\u00a0Az audio-narr\u00e1tor k\u00e9pz\u00e9sen egyik motorja volt a csoportnak.\u00a0<br \/>Biztos vagyok benne, hogy eredm\u00e9nyesen \u00e9s k\u00f6r\u00fcltekint\u0151en fogja v\u00e9gezni a r\u00e1b\u00edzott feladatot.<\/p>\n<p>[\/et_pb_testimonial][\/et_pb_column][\/et_pb_row][\/et_pb_section][et_pb_section fb_built=&#8221;1&#8243; module_id=&#8221;kapcsolat&#8221; _builder_version=&#8221;4.24.2&#8243; _module_preset=&#8221;default&#8221; global_colors_info=&#8221;{}&#8221;][\/et_pb_section]<\/p>\n","protected":false},"excerpt":{"rendered":"<p>Audionarr\u00e1ci\u00f3, jelnyelvi tolm\u00e1csol\u00e1s Infokommunik\u00e1ci\u00f3s akad\u00e1lymentes\u00edt\u00e9sFord\u00edtsd az arcodat a nap fel\u00e9\u00a0 \u00e9s minden \u00e1rny\u00e9k m\u00f6g\u00e9d ker\u00fcl.- Helen KellerHa valaki azt mondja nekem, hogy sz\u00ednh\u00e1z \u00e9s jelnyelv, akkor\u00a0Demeter-Szab\u00f3 Ildik\u00f3\u00a0jelnyelvi tolm\u00e1cs, \u00e9s most m\u00e1r audionarr\u00e1tor is, az els\u0151k k\u00f6z\u00f6tt jut eszembe. Nem \u0151 volt az els\u0151, akit sz\u00ednh\u00e1zban l\u00e1ttam tolm\u00e1csolni, de \u0151 az egyik, akit legt\u00f6bbsz\u00f6r l\u00e1ttam tolm\u00e1csolni [&hellip;]<\/p>\n","protected":false},"author":1,"featured_media":0,"parent":0,"menu_order":0,"comment_status":"closed","ping_status":"closed","template":"","meta":{"_et_pb_use_builder":"on","_et_pb_old_content":"","_et_gb_content_width":"","_FSMCFIC_featured_image_caption":"","_FSMCFIC_featured_image_nocaption":"","_FSMCFIC_featured_image_hide":"","footnotes":""},"class_list":["post-8","page","type-page","status-publish","hentry"],"_links":{"self":[{"href":"https:\/\/narradivak.hu\/index.php?rest_route=\/wp\/v2\/pages\/8","targetHints":{"allow":["GET"]}}],"collection":[{"href":"https:\/\/narradivak.hu\/index.php?rest_route=\/wp\/v2\/pages"}],"about":[{"href":"https:\/\/narradivak.hu\/index.php?rest_route=\/wp\/v2\/types\/page"}],"author":[{"embeddable":true,"href":"https:\/\/narradivak.hu\/index.php?rest_route=\/wp\/v2\/users\/1"}],"replies":[{"embeddable":true,"href":"https:\/\/narradivak.hu\/index.php?rest_route=%2Fwp%2Fv2%2Fcomments&post=8"}],"version-history":[{"count":27,"href":"https:\/\/narradivak.hu\/index.php?rest_route=\/wp\/v2\/pages\/8\/revisions"}],"predecessor-version":[{"id":402,"href":"https:\/\/narradivak.hu\/index.php?rest_route=\/wp\/v2\/pages\/8\/revisions\/402"}],"wp:attachment":[{"href":"https:\/\/narradivak.hu\/index.php?rest_route=%2Fwp%2Fv2%2Fmedia&parent=8"}],"curies":[{"name":"wp","href":"https:\/\/api.w.org\/{rel}","templated":true}]}}